{"id":95,"date":"2022-11-22T14:08:03","date_gmt":"2022-11-22T13:08:03","guid":{"rendered":"https:\/\/summer-kids.de\/?page_id=95"},"modified":"2023-01-16T08:43:11","modified_gmt":"2023-01-16T07:43:11","slug":"impressum","status":"publish","type":"page","link":"https:\/\/summer-kids.de\/index.php\/impressum\/","title":{"rendered":"Impressum"},"content":{"rendered":"<div class=\"lazyblock-container-AfHoH margin-top init-content margin-bottom wp-block-lazyblock-container\">\n\n\n<div class=\"container margin-top init-content margin-bottom vh-min100\">\t\n\t<div class=\"content-wrapper content-width\">\n\t\t\n\n<h1 class=\"wp-block-heading\" id=\"impressum\">Impressum<\/h1>\n\n\n\n<p>Artmeyer Baumschule GmbH &amp; Co. KG<br>Norbert Artmeyer<br>Riedweg 30<br>48477 Riesenbeck<br>Tel. &nbsp;+49 5454 93140<br>Fax. +49 5454 931420<br><a href=\"mailto:info@artmeyer-baumschule.de\">info@artmeyer-baumschule.de<\/a><\/p>\n\n\n\n<p><strong>USt.-Ident.-Nr.:<\/strong> DE 814 989 216<\/p>\n\n\n\n<h3 class=\"wp-block-heading\" id=\"allgemeine-regelungen-haftungsausschluss-disclaimer\">Allgemeine Regelungen \/ Haftungsausschluss (Disclaimer)<\/h3>\n\n\n\n<p><strong>1. Geltungsbereich<\/strong><\/p>\n\n\n\n<p>Dieser Haftungsausschluss (Disclaimer) ist Teil dieses Internetangebotes. Er regelt die Nutzung dieser Internetpr\u00e4senz und aller enthaltenen Informationen. Dieser Haftungsausschluss regelt nicht den allgemeinen Gesch\u00e4ftsbetrieb des Unternehmen, welcher durch die geltenden Allgemeinen Gesch\u00e4ftsbedingungen (AGB) geregelt wird.<\/p>\n\n\n\n<p><strong>2. Inhalt des Onlineangebotes<\/strong><\/p>\n\n\n\n<p>Der Autor und seinem Erf\u00fcllungsgehilfen \u00fcbernimmt keinerlei Gew\u00e4hr f\u00fcr die Aktualit\u00e4t, Korrektheit, Vollst\u00e4ndigkeit oder Qualit\u00e4t der bereitgestellten Informationen. Haftungsanspr\u00fcche gegen den Autor, welche sich auf Sch\u00e4den materieller oder ideeller Art beziehen, die durch die Nutzung oder Nichtnutzung der dargebotenen Informationen bzw. durch die Nutzung fehlerhafter und unvollst\u00e4ndiger Informationen verursacht wurden, sind grunds\u00e4tzlich ausgeschlossen, sofern seitens des Autors kein nachweislich vors\u00e4tzliches oder grob fahrl\u00e4ssiges Verschulden vorliegt. Alle Angebote sind freibleibend und unverbindlich. Der Autor und seinem Erf\u00fcllungsgehilfen beh\u00e4lt es sich ausdr\u00fccklich vor, Teile der Seiten oder das gesamte Angebot ohne gesonderte Ank\u00fcndigung zu ver\u00e4ndern, zu erg\u00e4nzen, zu l\u00f6schen oder die Ver\u00f6ffentlichung zeitweise oder endg\u00fcltig einzustellen.<\/p>\n\n\n\n<p><strong>3. Verweise und Links<\/strong><\/p>\n\n\n\n<p>Bei direkten oder indirekten Verweisen auf fremde Webseiten (\u201eHyperlinks\u201c), die au\u00dferhalb des Verantwortungsbereiches des Autors liegen, w\u00fcrde eine Haftungsverpflichtung ausschlie\u00dflich in dem Fall in Kraft treten, in dem der Autor von den Inhalten Kenntnis hat und es ihm technisch m\u00f6glich und zumutbar w\u00e4re, die Nutzung im Falle rechtswidriger Inhalte zu verhindern. Der Autor erkl\u00e4rt hiermit ausdr\u00fccklich, dass zum Zeitpunkt der Linksetzung keine illegalen Inhalte auf den zu verlinkenden Seiten erkennbar waren. Auf die aktuelle und zuk\u00fcnftige Gestaltung, die Inhalte oder die Urheberschaft der verlinkten\/verkn\u00fcpften Seiten hat der Autor keinerlei Einfluss. Deshalb distanziert er sich hiermit ausdr\u00fccklich von allen Inhalten aller verlinkten \/ verkn\u00fcpften Seiten, die nach der Linksetzung ver\u00e4ndert wurden. Diese Feststellung gilt f\u00fcr alle innerhalb des eigenen Internetangebotes gesetzten Links und Verweise sowie f\u00fcr Fremdeintr\u00e4ge in vom Autor eingerichteten G\u00e4steb\u00fcchern, Diskussionsforen, Linkverzeichnissen, Mailinglisten und in allen anderen Formen von Datenbanken, auf deren Inhalt externe Schreibzugriffe m\u00f6glich sind. F\u00fcr illegale, fehlerhafte oder unvollst\u00e4ndige Inhalte und insbesondere f\u00fcr Sch\u00e4den, die aus der Nutzung oder Nichtnutzung solcherart dargebotener Informationen entstehen, haftet allein der Anbieter der Seite, auf welche verwiesen wurde, nicht derjenige, der \u00fcber Links auf die jeweilige Ver\u00f6ffentlichung lediglich verweist.<\/p>\n\n\n\n<p><strong>4. Urheber- und Kennzeichenrecht<\/strong><\/p>\n\n\n\n<p>Der Autor ist bestrebt, in allen Publikationen die Urheberrechte der verwendeten Bilder, Grafiken, Tondokumente, Videosequenzen und Texte zu beachten, von ihm selbst erstellte Bilder, Grafiken, Tondokumente, Videosequenzen und Texte zu nutzen oder auf lizenzfreie Grafiken, Tondokumente, Videosequenzen und Texte zur\u00fcckzugreifen. Alle innerhalb des Internetangebotes genannten und ggf. durch Dritte gesch\u00fctzten Marken- und Warenzeichen unterliegen uneingeschr\u00e4nkt den Bestimmungen des jeweils g\u00fcltigen Kennzeichenrechts und den Besitzrechten der jeweiligen eingetragenen Eigent\u00fcmer. Allein aufgrund der blo\u00dfen Nennung ist nicht der Schluss zu ziehen, dass Markenzeichen nicht durch Rechte Dritter gesch\u00fctzt sind! Das Copyright f\u00fcr ver\u00f6ffentlichte, vom Autor selbst erstellte Objekte bleibt allein beim Autor der Seiten. Eine Vervielf\u00e4ltigung oder Verwendung solcher Grafiken, Tondokumente, Videosequenzen und Texte in anderen elektronischen oder gedruckten Publikationen ist ohne ausdr\u00fcckliche Zustimmung des Autors nicht gestattet.<\/p>\n\n\n\n<p><strong>5. Hinweise zum Wettbewerbs-, Domain- und Urheberrecht<\/strong><\/p>\n\n\n\n<p>Im Falle von wettbewerbsrechtlichen, domainrechtlichen, urheberrechtlichen oder \u00e4hnlichen Problemen bitten wir Sie, uns zur Vermeidung unn\u00f6tiger Rechtsstreite und Kosten bereits im Vorfeld zu kontaktieren. Die Kostennote einer anwaltlichen Abmahnung ohne vorhergehende Kontaktaufnahme mit uns wird im Sinne der Schadensminderungspflicht als unbegr\u00fcndet zur\u00fcckgewiesen!<\/p>\n\n\n\n<p><strong>6.1. Datenschutz<\/strong><\/p>\n\n\n\n<p>Sofern innerhalb des Internetangebotes die M\u00f6glichkeit zur Eingabe pers\u00f6nlicher oder gesch\u00e4ftlicher Daten (z. B. Emailadressen, Namen, Anschriften) besteht, so erfolgt die Preisgabe dieser Daten seitens des Nutzers auf ausdr\u00fccklich freiwilliger Basis. Die Inanspruchnahme und Bezahlung aller angebotenen Dienste ist \u2013 soweit technisch m\u00f6glich und zumutbar \u2013 auch ohne Angabe solcher Daten bzw. unter Angabe anonymisierter Daten oder eines Pseudonyms gestattet. Die Nutzung der im Rahmen des Impressums oder vergleichbarer Angaben ver\u00f6ffentlichten Kontaktdaten wie Postanschriften, Telefon- und Faxnummern sowie Emailadressen durch Dritte zur \u00fcbersendung von nicht ausdr\u00fccklich angeforderten Informationen ist nicht gestattet. Rechtliche Schritte gegen die Versender von sogenannten Spam-Mails bei Verst\u00f6ssen gegen dieses Verbot sind ausdr\u00fccklich vorbehalten.<\/p>\n\n\n\n<p><strong>6.2. Datenschutz bei Onlineshops oder \u00e4hnlichen Bestellsystemen<\/strong><\/p>\n\n\n\n<p>Bei allen Vorg\u00e4ngen der Datenverarbeitung (z. B. Erhebung, Verarbeitung und \u00fcbermittlung) verfahren wir nach den gesetzlichen Vorschriften. Ihre f\u00fcr die Gesch\u00e4ftsabwicklung notwendigen Daten werden gespeichert und f\u00fcr die Bestellabwicklung im erforderlichen Umfang an von uns beauftragte Dienstleister weiter gegeben. Im Rahmen des gesetzlich Zul\u00e4ssigen und unter Ber\u00fccksichtigung Ihrer jeweiligen schutzw\u00fcrdigen Interessen an dem Ausschluss der \u00fcbermittlung oder Nutzung k\u00f6nnen wir zur Bonit\u00e4ts- und Kreditpr\u00fcfung w\u00e4hrend der Dauer der Kundenbeziehung Adress- und Bonit\u00e4tsdaten an andere Handels- und Dienstleistungsunternehmen sowie ggf. an die SCHUFA 65203 Wiesbaden weitergeben. Ferner werden Adress- und Bestelldaten f\u00fcr eigene Marketingzwecke erhoben und verarbeitet. F\u00fcr fremde Marketingzwecke werden ausschlie\u00dflich solche Daten weitergegeben, bei denen dies gesetzlich erlaubt ist (allgemein ver\u00f6ffentlichte und bestimmte in Listen zusammengefasste Daten gem\u00e4\u00df \u00a7 28 Abs. 3 Nr. 3 Bundesdatenschutzgesetz).<\/p>\n\n\n\n<p>Hinweis: Sie k\u00f6nnen der Nutzung, Verarbeitung und \u00fcbermittlung Ihrer personenbezogenen Daten zu Marketingzwecken jederzeit durch eine formlose Mitteilung auf dem Postweg oder durch eine E-Mail widersprechen. Die daf\u00fcr ben\u00f6tigten Kontaktdaten finden Sie im Impressum. Dies gilt allerdings nicht f\u00fcr die zur Abwicklung Ihrer Bestellung erforderlichen Daten. Nach Erhalt Ihres Widerspruchs werden wir die betroffenen Daten nicht mehr zu anderen Zwecken als zur Abwicklung Ihrer Bestellung nutzen, verarbeiten und \u00fcbermitteln sowie die weitere Versendung von Werbemitteln einschlie\u00dflich Newsletter an Sie einstellen.<\/p>\n\n\n\n<p><strong>7. Rechtswirksamkeit dieses Haftungsausschlusses<\/strong><\/p>\n\n\n\n<p>Dieser Haftungsausschluss ist als Teil des Internetangebotes zu betrachten, von dem aus auf diese Seite verwiesen wurde. Sofern Teile oder einzelne Formulierungen dieses Textes der geltenden Rechtslage nicht, nicht mehr oder nicht vollst\u00e4ndig entsprechen sollten, bleiben die \u00fcbrigen Teile des Dokumentes in ihrem Inhalt und ihrer G\u00fcltigkeit davon unber\u00fchrt. Unwirksame Bestimmungen werden durch solche ersetzt, die dem wirtschaftlichen Sinn und Zweck der ung\u00fcltigen Regelung in rechtskonformer Weise am n\u00e4chsten kommen. Obwohl aus Gr\u00fcnden der Lesbarkeit im Text die m\u00e4nnliche Form gew\u00e4hlt wurde beziehen sich die Angaben auf Angeh\u00f6rige beider Geschlechter.<br><\/p>\n\n\n\t<\/div>\n<\/div>\n<\/div>","protected":false},"excerpt":{"rendered":"","protected":false},"author":1,"featured_media":0,"parent":0,"menu_order":0,"comment_status":"closed","ping_status":"closed","template":"","meta":{"_acf_changed":false,"inline_featured_image":false,"ghostkit_customizer_options":"","ghostkit_custom_css":"","ghostkit_custom_js_head":"","ghostkit_custom_js_foot":"","ghostkit_typography":"","footnotes":""},"class_list":["post-95","page","type-page","status-publish","hentry"],"acf":[],"yoast_head":"<!-- This site is optimized with the Yoast SEO plugin v24.2 - https:\/\/yoast.com\/wordpress\/plugins\/seo\/ -->\n<title>Impressum - Summer Kids<\/title>\n<meta name=\"robots\" content=\"index, follow, max-snippet:-1, max-image-preview:large, max-video-preview:-1\" \/>\n<link rel=\"canonical\" href=\"https:\/\/summer-kids.de\/index.php\/impressum\/\" \/>\n<meta property=\"og:locale\" content=\"de_DE\" \/>\n<meta property=\"og:type\" content=\"article\" \/>\n<meta property=\"og:title\" content=\"Impressum - Summer Kids\" \/>\n<meta property=\"og:url\" content=\"https:\/\/summer-kids.de\/index.php\/impressum\/\" \/>\n<meta property=\"og:site_name\" content=\"Summer Kids\" \/>\n<meta property=\"article:modified_time\" content=\"2023-01-16T07:43:11+00:00\" \/>\n<meta name=\"twitter:card\" content=\"summary_large_image\" \/>\n<meta name=\"twitter:label1\" content=\"Gesch\u00e4tzte Lesezeit\" \/>\n\t<meta name=\"twitter:data1\" content=\"5\u00a0Minuten\" \/>\n<script type=\"application\/ld+json\" class=\"yoast-schema-graph\">{\"@context\":\"https:\/\/schema.org\",\"@graph\":[{\"@type\":\"WebPage\",\"@id\":\"https:\/\/summer-kids.de\/index.php\/impressum\/\",\"url\":\"https:\/\/summer-kids.de\/index.php\/impressum\/\",\"name\":\"Impressum - Summer Kids\",\"isPartOf\":{\"@id\":\"https:\/\/summer-kids.de\/#website\"},\"datePublished\":\"2022-11-22T13:08:03+00:00\",\"dateModified\":\"2023-01-16T07:43:11+00:00\",\"breadcrumb\":{\"@id\":\"https:\/\/summer-kids.de\/index.php\/impressum\/#breadcrumb\"},\"inLanguage\":\"de\",\"potentialAction\":[{\"@type\":\"ReadAction\",\"target\":[\"https:\/\/summer-kids.de\/index.php\/impressum\/\"]}]},{\"@type\":\"BreadcrumbList\",\"@id\":\"https:\/\/summer-kids.de\/index.php\/impressum\/#breadcrumb\",\"itemListElement\":[{\"@type\":\"ListItem\",\"position\":1,\"name\":\"Startseite\",\"item\":\"https:\/\/summer-kids.de\/\"},{\"@type\":\"ListItem\",\"position\":2,\"name\":\"Impressum\"}]},{\"@type\":\"WebSite\",\"@id\":\"https:\/\/summer-kids.de\/#website\",\"url\":\"https:\/\/summer-kids.de\/\",\"name\":\"Summer Kids\",\"description\":\"Sommerflieder (Buddleja) Summer Kids\u00ae\",\"potentialAction\":[{\"@type\":\"SearchAction\",\"target\":{\"@type\":\"EntryPoint\",\"urlTemplate\":\"https:\/\/summer-kids.de\/?s={search_term_string}\"},\"query-input\":{\"@type\":\"PropertyValueSpecification\",\"valueRequired\":true,\"valueName\":\"search_term_string\"}}],\"inLanguage\":\"de\"}]}<\/script>\n<!-- \/ Yoast SEO plugin. -->","yoast_head_json":{"title":"Impressum - Summer Kids","robots":{"index":"index","follow":"follow","max-snippet":"max-snippet:-1","max-image-preview":"max-image-preview:large","max-video-preview":"max-video-preview:-1"},"canonical":"https:\/\/summer-kids.de\/index.php\/impressum\/","og_locale":"de_DE","og_type":"article","og_title":"Impressum - Summer Kids","og_url":"https:\/\/summer-kids.de\/index.php\/impressum\/","og_site_name":"Summer Kids","article_modified_time":"2023-01-16T07:43:11+00:00","twitter_card":"summary_large_image","twitter_misc":{"Gesch\u00e4tzte Lesezeit":"5\u00a0Minuten"},"schema":{"@context":"https:\/\/schema.org","@graph":[{"@type":"WebPage","@id":"https:\/\/summer-kids.de\/index.php\/impressum\/","url":"https:\/\/summer-kids.de\/index.php\/impressum\/","name":"Impressum - Summer Kids","isPartOf":{"@id":"https:\/\/summer-kids.de\/#website"},"datePublished":"2022-11-22T13:08:03+00:00","dateModified":"2023-01-16T07:43:11+00:00","breadcrumb":{"@id":"https:\/\/summer-kids.de\/index.php\/impressum\/#breadcrumb"},"inLanguage":"de","potentialAction":[{"@type":"ReadAction","target":["https:\/\/summer-kids.de\/index.php\/impressum\/"]}]},{"@type":"BreadcrumbList","@id":"https:\/\/summer-kids.de\/index.php\/impressum\/#breadcrumb","itemListElement":[{"@type":"ListItem","position":1,"name":"Startseite","item":"https:\/\/summer-kids.de\/"},{"@type":"ListItem","position":2,"name":"Impressum"}]},{"@type":"WebSite","@id":"https:\/\/summer-kids.de\/#website","url":"https:\/\/summer-kids.de\/","name":"Summer Kids","description":"Sommerflieder (Buddleja) Summer Kids\u00ae","potentialAction":[{"@type":"SearchAction","target":{"@type":"EntryPoint","urlTemplate":"https:\/\/summer-kids.de\/?s={search_term_string}"},"query-input":{"@type":"PropertyValueSpecification","valueRequired":true,"valueName":"search_term_string"}}],"inLanguage":"de"}]}},"_links":{"self":[{"href":"https:\/\/summer-kids.de\/index.php\/wp-json\/wp\/v2\/pages\/95","targetHints":{"allow":["GET"]}}],"collection":[{"href":"https:\/\/summer-kids.de\/index.php\/wp-json\/wp\/v2\/pages"}],"about":[{"href":"https:\/\/summer-kids.de\/index.php\/wp-json\/wp\/v2\/types\/page"}],"author":[{"embeddable":true,"href":"https:\/\/summer-kids.de\/index.php\/wp-json\/wp\/v2\/users\/1"}],"replies":[{"embeddable":true,"href":"https:\/\/summer-kids.de\/index.php\/wp-json\/wp\/v2\/comments?post=95"}],"version-history":[{"count":4,"href":"https:\/\/summer-kids.de\/index.php\/wp-json\/wp\/v2\/pages\/95\/revisions"}],"predecessor-version":[{"id":312,"href":"https:\/\/summer-kids.de\/index.php\/wp-json\/wp\/v2\/pages\/95\/revisions\/312"}],"wp:attachment":[{"href":"https:\/\/summer-kids.de\/index.php\/wp-json\/wp\/v2\/media?parent=95"}],"curies":[{"name":"wp","href":"https:\/\/api.w.org\/{rel}","templated":true}]}}